{"id":1523,"date":"2021-10-30T17:04:00","date_gmt":"2021-10-30T15:04:00","guid":{"rendered":"https:\/\/gutmann-gap.com\/?page_id=1523"},"modified":"2022-02-09T21:47:39","modified_gmt":"2022-02-09T20:47:39","slug":"datenschutzerklarung","status":"publish","type":"page","link":"https:\/\/gutmann-gap.com\/en\/datenschutzerklarung\/","title":{"rendered":"Datenschutzerkl\u00e4rung"},"content":{"rendered":"\n<h2 class=\"imageContentTitle\">Datenschutzerkl\u00e4rung<\/h2>\n<p class=\"bodytext\">Verantwortliche Stelle im Sinne der Datenschutzgesetze ist:<\/p>\n<p class=\"bodytext\">Michel B. Gutmann<\/p>\n<h2>Erfassung allgemeiner Informationen<\/h2>\n<p class=\"bodytext\">Wenn Sie auf unsere Webseite zugreifen, werden automatisch Informationen allgemeiner Natur erfasst. Diese Informationen (Server-Logfiles) beinhalten etwa die Art des Webbrowsers, das verwendete Betriebssystem, den Domainnamen Ihres Internet Service Providers und \u00c4hnliches. Hierbei handelt es sich ausschlie\u00dflich um Informationen, welche keine R\u00fcckschl\u00fcsse auf Ihre Person zulassen. Diese Informationen sind technisch notwendig, um von Ihnen angeforderte Inhalte von Webseiten korrekt auszuliefern und fallen bei Nutzung des Internets zwingend an. Anonyme Informationen dieser Art werden von uns statistisch ausgewertet, um unseren Internetauftritt und die dahinterstehende Technik zu optimieren.<\/p>\n<h2>Cookies<\/h2>\n<p class=\"bodytext\">Wie viele andere Webseiten verwenden wir auch so genannte \u201eCookies\u201c. Cookies sind kleine Textdateien, die von einem Webseitenserver auf Ihre Festplatte \u00fcbertragen werden. Hierdurch erhalten wir automatisch bestimmte Daten wie z. B. IP-Adresse, verwendeter Browser, Betriebssystem \u00fcber Ihren Computer und Ihre Verbindung zum Internet.<\/p>\n<p class=\"bodytext\">Cookies k\u00f6nnen nicht verwendet werden, um Programme zu starten oder Viren auf einen Computer zu \u00fcbertragen. Anhand der in Cookies enthaltenen Informationen k\u00f6nnen wir Ihnen die Navigation erleichtern und die korrekte Anzeige unserer Webseiten erm\u00f6glichen.<\/p>\n<p class=\"bodytext\">In keinem Fall werden die von uns erfassten Daten an Dritte weitergegeben oder ohne Ihre Einwilligung eine Verkn\u00fcpfung mit personenbezogenen Daten hergestellt.<\/p>\n<p class=\"bodytext\">Nat\u00fcrlich k\u00f6nnen Sie unsere Website grunds\u00e4tzlich auch ohne Cookies betrachten. Internet-Browser sind regelm\u00e4\u00dfig so eingestellt, dass sie Cookies akzeptieren. Sie k\u00f6nnen die Verwendung von Cookies jederzeit \u00fcber die Einstellungen Ihres Browsers deaktivieren. Bitte verwenden Sie die Hilfefunktionen Ihres Internetbrowsers, um zu erfahren, wie Sie diese Einstellungen \u00e4ndern k\u00f6nnen. Bitte beachten Sie, dass einzelne Funktionen unserer Website m\u00f6glicherweise nicht funktionieren, wenn Sie die Verwendung von Cookies deaktiviert haben.<\/p>\n<h2>Erbringung kostenpflichtiger Leistungen<\/h2>\n<p class=\"bodytext\">Zur Erbringung kostenpflichtiger Leistungen werden von uns zus\u00e4tzliche Daten erfragt, wie z.B. Name, Telefonnummer, E-Mail Adresse, Wohnadresse, Zahlungsangaben (f\u00fcr Rechnungsadresse).<\/p>\n<h2>SSL-Verschl\u00fcsselung<\/h2>\n<p class=\"bodytext\">Um die Sicherheit Ihrer Daten bei der \u00dcbertragung zu sch\u00fctzen, verwenden wir dem aktuellen Stand der Technik entsprechende Verschl\u00fcsselungsverfahren (z. B. SSL) \u00fcber HTTPS.<\/p>\n<h2>Kontaktformular<\/h2>\n<p class=\"bodytext\">Treten Sie per E-Mail oder Kontaktformular mit uns in Kontakt, werden die von Ihnen gemachten Angaben zum Zwecke der Bearbeitung der Anfrage sowie f\u00fcr m\u00f6gliche Anschlussfragen gespeichert.<\/p>\n<h2>L\u00f6schung bzw. Sperrung der Daten<\/h2>\n<p class=\"bodytext\">Wir halten uns an die Grunds\u00e4tze der Datenvermeidung und Datensparsamkeit. Wir speichern Ihre personenbezogenen Daten daher nur so lange, wie dies zur Erreichung der hier genannten Zwecke erforderlich ist oder wie es die vom Gesetzgeber vorgesehenen vielf\u00e4ltigen Speicherfristen vorsehen. Nach Fortfall des jeweiligen Zweckes bzw. Ablauf dieser Fristen werden die entsprechenden Daten routinem\u00e4\u00dfig und entsprechend den gesetzlichen Vorschriften gesperrt oder gel\u00f6scht.<\/p>\n<h2>Verwendung von Google Analytics<\/h2>\n<p class=\"bodytext\">Diese Webseite benutzt Google Analytics, einen Webanalysedienst der Google Inc. (folgend: Google). Google Analytics verwendet sog. \u201eCookies\u201c, also Textdateien, die auf Ihrem Computer gespeichert werden und die eine Analyse der Benutzung der Webseite durch Sie erm\u00f6glichen. Die durch das Cookie erzeugten Informationen \u00fcber Ihre Benutzung dieser Webseite werden in der Regel an einen Server von Google in den USA \u00fcbertragen und dort gespeichert. Aufgrund der Aktivierung der IP-Anonymisierung auf diesen Webseiten, wird Ihre IP-Adresse von Google jedoch innerhalb von Mitgliedstaaten der Europ\u00e4ischen Union oder in anderen Vertragsstaaten des Abkommens \u00fcber den Europ\u00e4ischen Wirtschaftsraum zuvor gek\u00fcrzt. Nur in Ausnahmef\u00e4llen wird die volle IP-Adresse an einen Server von Google in den USA \u00fcbertragen und dort gek\u00fcrzt. Im Auftrag des Betreibers dieser Webseite wird Google diese Informationen benutzen, um Ihre Nutzung der Webseite auszuwerten, um Reports \u00fcber die Webseitenaktivit\u00e4ten zusammenzustellen und um weitere mit der Webseitennutzung und der Internetnutzung verbundene Dienstleistungen gegen\u00fcber dem Webseitenbetreiber zu erbringen. Die im Rahmen von Google Analytics von Ihrem Browser \u00fcbermittelte IP-Adresse wird nicht mit anderen Daten von Google zusammengef\u00fchrt.<\/p>\n<p class=\"bodytext\">Sie k\u00f6nnen die Speicherung der Cookies durch eine entsprechende Einstellung Ihrer Browser-Software verhindern; wir weisen Sie jedoch darauf hin, dass Sie in diesem Fall gegebenenfalls nicht s\u00e4mtliche Funktionen dieser Webseite vollumf\u00e4nglich werden nutzen k\u00f6nnen. Sie k\u00f6nnen dar\u00fcber hinaus die Erfassung der durch das Cookie erzeugten und auf Ihre Nutzung der Webseite bezogenen Daten (inkl. Ihrer IP-Adresse) an Google sowie die Verarbeitung dieser Daten durch Google verhindern, indem sie das unter dem folgenden Link verf\u00fcgbare Browser-Plugin herunterladen und installieren: <a href=\"http:\/\/tools.google.com\/dlpage\/gaoptout?hl=de\" target=\"_blank\" rel=\"noopener\">Browser-Add-on zur Deaktivierung von Google Analytics<\/a>.<\/p>\n<h3>Einsatz von Google AdSense<\/h3>\n<p class=\"bodytext\">1. Unsere Website nutzt Google AdSense, einen Online-Werbedienst der Google Inc. (\u201eGoogle\u201c). Google AdSense verwendet sog. \u201eCookies\u201c, Textdateien, die auf dem Computer der Nutzer gespeichert werden und die eine Analyse der Benutzung der Website erm\u00f6glicht. Google AdSense verwendet auch sogenannte Web Beacons (unsichtbare Grafiken). Durch diese Web Beacons k\u00f6nnen Informationen wie der Besucherverkehr auf den Seiten dieses Angebots ausgewertet werden. Die durch Cookies und Web Beacons erzeugten Informationen \u00fcber die Benutzung dieser Website (einschlie\u00dflich der IP-Adresse der Nutzer) und Auslieferung von Werbeformaten werden an einen Server von Google in den USA \u00fcbertragen und dort gespeichert. Diese Informationen k\u00f6nnen von Google an Vertragspartner von Google weiter gegeben werden. Google wird Ihre IP-Adresse jedoch nicht mit anderen von Ihnen gespeicherten Daten zusammenf\u00fchren.<\/p>\n<p class=\"bodytext\">2. Nutzer k\u00f6nnen die Installation der Cookies von Google AdSense auf verschiedene Weise verhindern:<\/p>\n<p class=\"bodytext\">&nbsp; &nbsp; a) durch eine entsprechende Einstellung der Browser-Software;<\/p>\n<p class=\"bodytext\">&nbsp; &nbsp; b) durch Deaktivierung der interessenbezogenen Anzeigen bei Google; <br>&nbsp; &nbsp; c) durch Deaktivierung der interessenbezogenen Anzeigen der Anbieter, die Teil der Selbstregulierungs-Kampagne \u201eAbout Ads\u201c sind; <br>&nbsp; &nbsp; d) durch dauerhafte Deaktivierung durch ein Browser-Plug-in.<\/p>\n<p class=\"bodytext\">&nbsp; &nbsp; Die Einstellungen unter b) und c) werden gel\u00f6scht, wenn Cookies in den Browsereinstellungen gel\u00f6scht werden.<\/p>\n<p class=\"bodytext\">&nbsp; &nbsp; 3. N\u00e4here Informationen zu Datenschutz und Cookies f\u00fcr Werbung bei Google AdSense sind in der Datenschutzerkl\u00e4rung von Google, insbesondere unter den folgenden Links zu finden:<\/p>\n<p class=\"bodytext\">&nbsp; &nbsp; <a href=\"http:\/\/www.google.de\/policies\/privacy\/partners\/\" target=\"_blank\" rel=\"noopener\">http:\/\/www.google.de\/policies\/privacy\/partners\/<\/a>&nbsp;<\/p>\n<p class=\"bodytext\">&nbsp; &nbsp; <a href=\"http:\/\/www.google.de\/intl\/de\/policies\/technologies\/ads\" target=\"_blank\" rel=\"noopener\">http:\/\/www.google.de\/intl\/de\/policies\/technologies\/ads<\/a>&nbsp;<\/p>\n<p class=\"bodytext\">&nbsp; &nbsp; <a href=\"http:\/\/support.google.com\/adsense\/answer\/2839090\" target=\"_blank\" rel=\"noopener\">http:\/\/support.google.com\/adsense\/answer\/2839090<\/a>&nbsp;<\/p>\n<h2>Verwendung von Piwik<\/h2>\n<p class=\"bodytext\">Diese Webseite benutzt Piwik, eine Open-Source-Software zur statistischen Auswertung von Besucherzugriffen. Piwik verwendet sog. \u201eCookies\u201c, Textdateien, die auf Ihrem Computer gespeichert werden und die eine Analyse der Benutzung der Website durch Sie erm\u00f6glichen.<br>Die durch den Cookie erzeugten Informationen \u00fcber Ihre Nutzung des Internetangebotes werden auf einem Server in Deutschland gespeichert.<br>Die IP-Adresse wird unmittelbar nach der Verarbeitung und vor deren Speicherung anonymisiert. Sie haben die M\u00f6glichkeit, die Installation der Cookies durch \u00c4nderung der Einstellung Ihrer Browser-Software zu verhindern. Wir weisen Sie darauf hin, dass bei entsprechender Einstellung eventuell nicht mehr alle Funktionen dieser Website zur Verf\u00fcgung stehen.<\/p>\n<p class=\"bodytext\">Sie k\u00f6nnen sich entscheiden, ob in Ihrem Browser ein eindeutiger Webanalyse-Cookie abgelegt werden darf, um dem Betreiber der Webseite die Erfassung und Analyse verschiedener statistischer Daten zu erm\u00f6glichen.<\/p>\n<h2>Verwendung von FSnD Counter und Statistik System<\/h2>\n<p class=\"bodytext\">Diese Webseite benutzt FSnD Counter und Statistik Software zur statistischen Auswertung von Besucherzugriffen. FSnD Counter und Statistik Software verwendet sog. \u201eCookies\u201c, Textdateien, die auf Ihrem Computer gespeichert werden und die eine Analyse der Benutzung der Website durch Sie erm\u00f6glichen.<\/p>\n<p class=\"bodytext\">Die durch den Cookie erzeugten Informationen \u00fcber Ihre Nutzung des Internetangebotes werden auf einem Server in Deutschland gespeichert.<\/p>\n<p class=\"bodytext\">Die IP-Adresse wird unmittelbar nach der Verarbeitung und vor deren Speicherung anonymisiert. Sie haben die M\u00f6glichkeit, die Installation der Cookies durch \u00c4nderung der Einstellung Ihrer Browser-Software zu verhindern. Wir weisen Sie darauf hin, dass bei entsprechender Einstellung eventuell nicht mehr alle Funktionen dieser Website zur Verf\u00fcgung stehen.&nbsp;<\/p>\n<p class=\"bodytext\">Sie k\u00f6nnen sich entscheiden, ob in Ihrem Browser ein eindeutiger Webanalyse-Cookie abgelegt werden darf, um dem Betreiber der Webseite die Erfassung und Analyse verschiedener statistischer Daten zu erm\u00f6glichen.&nbsp;<\/p>\n<h2>Verwendung von Scriptbibliotheken (Google Webfonts)<\/h2>\n<p class=\" bodytext\">Um unsere Inhalte browser\u00fcbergreifend korrekt und grafisch ansprechend darzustellen, verwenden wir auf dieser Website Scriptbibliotheken und Schriftbibliotheken wie z. B. Google Webfonts (<a href=\"http:\/\/www.google.com\/webfonts\/\" target=\"_blank\" rel=\"noopener\">https:\/\/www.google.com\/webfonts\/<\/a>). Google Webfonts werden zur Vermeidung mehrfachen Ladens in den Cache Ihres Browsers \u00fcbertragen. Falls der Browser die Google Webfonts nicht unterst\u00fctzt oder den Zugriff unterbindet, werden Inhalte in einer Standardschrift angezeigt.<\/p>\n<p class=\"bodytext\">Der Aufruf von Scriptbibliotheken oder Schriftbibliotheken l\u00f6st automatisch eine Verbindung zum Betreiber der Bibliothek aus. Dabei ist es theoretisch m\u00f6glich \u2013 aktuell allerdings auch unklar ob und ggf. zu welchen Zwecken \u2013 dass Betreiber entsprechender Bibliotheken Daten erheben.&nbsp;<\/p>\n<p class=\"bodytext\">Die Datenschutzrichtlinie des Bibliothekbetreibers Google finden Sie hier:&nbsp;https:\/\/www.google.com\/policies\/privacy\/<\/p>\n<h2>Social Plugins<\/h2>\n<p class=\"bodytext\">Auf unseren Webseiten werden Social Plugins der unten aufgef\u00fchrten Anbieter eingesetzt. Die Plugins k\u00f6nnen Sie daran erkennen, dass sie mit dem entsprechenden Logo gekennzeichnet sind.<\/p>\n<p class=\"bodytext\">\u00dcber diese Plugins werden unter Umst\u00e4nden Informationen, zu denen auch personenbezogene Daten geh\u00f6ren k\u00f6nnen, an den Dienstebetreiber gesendet und ggf. von diesem genutzt. Wir verhindern die unbewusste und ungewollte Erfassung und \u00dcbertragung von Daten an den Diensteanbieter durch eine 2-Klick-L\u00f6sung. Um ein gew\u00fcnschtes Social Plugin zu aktivieren, muss dieses erst durch Klick auf den entsprechenden Schalter aktiviert werden. Erst durch diese Aktivierung des Plugins wird auch die Erfassung von Informationen und deren \u00dcbertragung an den Diensteanbieter ausgel\u00f6st. Wir erfassen selbst keine personenbezogenen Daten mittels der Social Plugins oder \u00fcber deren Nutzung.<\/p>\n<p>Wir haben keinen Einfluss darauf, welche Daten ein aktiviertes Plugin erfasst und wie diese durch den Anbieter verwendet werden. Derzeit muss davon ausgegangen werden, dass eine direkte Verbindung zu den Diensten des Anbieters ausgebaut wird sowie mindestens die IP-Adresse und ger\u00e4tebezogene Informationen erfasst und genutzt werden. Ebenfalls besteht die M\u00f6glichkeit, dass die Diensteanbieter versuchen, Cookies auf dem verwendeten Rechner zu speichern. Welche konkreten Daten hierbei erfasst und wie diese genutzt werden, entnehmen Sie bitte den Datenschutzhinweisen des jeweiligen Diensteanbieters. Hinweis: Falls Sie zeitgleich bei Facebook angemeldet sind, kann Facebook Sie als Besucher einer bestimmten Seite identifizieren.<\/p>\n<p class=\"bodytext\">Wir haben auf unserer Website die Social-Media-Buttons folgender Unternehmen eingebunden:<\/p>\n<p class=\"bodytext\">Facebook Inc. (1601 S. California Ave \u2013 Palo Alto \u2013 CA 94304 \u2013 USA)<br>Twitter Inc. (795 Folsom St. \u2013 Suite 600 \u2013 San Francisco \u2013 CA 94107 \u2013 USA)<br>Google Plus\/Google Inc. (1600 Amphitheatre Parkway \u2013 Mountain View \u2013 CA 94043 \u2013 USA)<br>LinkedIn Corporation (2029 Stierlin Court &#8211; Mountain View &#8211; CA &#8211; 94043 &#8211; USA)<\/p>\n<h2><strong>Ihre Rechte auf Auskunft, Berichtigung, Sperre, L\u00f6schung und Widerspruch<\/strong><\/h2>\n<p class=\"bodytext\">Sie haben das Recht, jederzeit Auskunft \u00fcber Ihre bei uns gespeicherten personenbezogenen Daten zu erhalten. Ebenso haben Sie das Recht auf Berichtigung, Sperrung oder, abgesehen von der vorgeschriebenen Datenspeicherung zur Gesch\u00e4ftsabwicklung, L\u00f6schung Ihrer personenbezogenen Daten. Bitte wenden Sie sich dazu an unseren Datenschutzbeauftragten. Die Kontaktdaten finden Sie ganz unten.<\/p>\n<p class=\"bodytext\">Damit eine Sperre von Daten jederzeit ber\u00fccksichtigt werden kann, m\u00fcssen diese Daten zu Kontrollzwecken in einer Sperrdatei vorgehalten werden. Sie k\u00f6nnen auch die L\u00f6schung der Daten verlangen, soweit keine gesetzliche Archivierungsverpflichtung besteht. Soweit eine solche Verpflichtung besteht, sperren wir Ihre Daten auf Wunsch.<\/p>\n<p class=\"bodytext\">Sie k\u00f6nnen \u00c4nderungen oder den Widerruf einer Einwilligung durch entsprechende Mitteilung an uns mit Wirkung f\u00fcr die Zukunft vornehmen.<\/p>\n<h2><strong>\u00c4nderung unserer Datenschutzbestimmungen<\/strong><\/h2>\n<p class=\"bodytext\">Wir behalten uns vor, diese Datenschutzerkl\u00e4rung gelegentlich anzupassen, damit sie stets den aktuellen rechtlichen Anforderungen entspricht oder um \u00c4nderungen unserer Leistungen in der Datenschutzerkl\u00e4rung umzusetzen, z. B. bei der Einf\u00fchrung neuer Services. F\u00fcr Ihren erneuten Besuch gilt dann die neue Datenschutzerkl\u00e4rung.<\/p>\n<h2><strong>Fragen an den Datenschutzbeauftragten<\/strong><\/h2>\n<p class=\"bodytext\">Wenn Sie Fragen zum Datenschutz haben, schreiben Sie uns bitte eine E-Mail oder wenden Sie sich direkt an unseren Datenschutzbeauftragten:<\/p>\n<p class=\"bodytext\"><a title=\"Email an Datenschutz Beauftragten\">datenschutz(at)gutmann-gap.de<\/a><\/p>\n","protected":false},"excerpt":{"rendered":"","protected":false},"author":1,"featured_media":0,"parent":0,"menu_order":0,"comment_status":"closed","ping_status":"closed","template":"","meta":{"footnotes":""},"class_list":["post-1523","page","type-page","status-publish","hentry"],"_links":{"self":[{"href":"https:\/\/gutmann-gap.com\/en\/wp-json\/wp\/v2\/pages\/1523","targetHints":{"allow":["GET"]}}],"collection":[{"href":"https:\/\/gutmann-gap.com\/en\/wp-json\/wp\/v2\/pages"}],"about":[{"href":"https:\/\/gutmann-gap.com\/en\/wp-json\/wp\/v2\/types\/page"}],"author":[{"embeddable":true,"href":"https:\/\/gutmann-gap.com\/en\/wp-json\/wp\/v2\/users\/1"}],"replies":[{"embeddable":true,"href":"https:\/\/gutmann-gap.com\/en\/wp-json\/wp\/v2\/comments?post=1523"}],"version-history":[{"count":1,"href":"https:\/\/gutmann-gap.com\/en\/wp-json\/wp\/v2\/pages\/1523\/revisions"}],"predecessor-version":[{"id":1524,"href":"https:\/\/gutmann-gap.com\/en\/wp-json\/wp\/v2\/pages\/1523\/revisions\/1524"}],"wp:attachment":[{"href":"https:\/\/gutmann-gap.com\/en\/wp-json\/wp\/v2\/media?parent=1523"}],"curies":[{"name":"wp","href":"https:\/\/api.w.org\/{rel}","templated":true}]}}